{"id":1466,"date":"2021-10-13T06:26:50","date_gmt":"2021-10-13T06:26:50","guid":{"rendered":"https:\/\/ab-pr.com\/our-solutions\/"},"modified":"2021-10-13T06:26:50","modified_gmt":"2021-10-13T06:26:50","slug":"our-solutions","status":"publish","type":"page","link":"https:\/\/ab-pr.com\/en\/our-solutions\/","title":{"rendered":"OUR SOLUTIONS"},"content":{"rendered":"<p style=\"text-align: center;\"><strong>When a negative ad starts to spread, it&#8217;s hard to stop it. Any communication accident perceived outside of its purpose brings complexity and gives the opportunity to dissect and examine the complexity. The most beautiful solutions arise from those parts.<\/strong><\/p>\n<p style=\"text-align: center;\">Making one thing more visible and eliminating another takes different skills. Our teams of experts in their fields provide a transitivity by establishing different teams among themselves when necessary and add new ones to their versatile perspectives.<\/p>\n<p style=\"text-align: center;\">It is possible to impress audiences with a range of visuals and well-chosen texts. However, your story is a story that requires deep participation, triggering audiences and thus achieving its purpose. Creating corporate stories is an inevitable requirement of sustainability and involvement of stakeholders in corporate life.<\/p>\n<p style=\"text-align: center;\">In a changing and fast moving world, our solutions cannot depend on a single model. By focusing on newly formed concepts, we continue to ask the right questions, draw new road maps according to the answers and needs, and develop new communication strategies.<\/p>\n<p style=\"text-align: center;\">It is possible to develop regional plans and solutions without taking political persons and institutions into action. Products, brands may not take sides except for a better world.<\/p>\n","protected":false},"excerpt":{"rendered":"<p>When a negative ad starts to spread, it&#8217;s hard to stop it. Any communication accident perceived outside of its purpose brings complexity and gives the opportunity to dissect and examine the complexity. The most beautiful solutions arise from those parts. Making one thing more visible and eliminating another takes different&#8230;<\/p>\n","protected":false},"author":24,"featured_media":0,"parent":0,"menu_order":0,"comment_status":"closed","ping_status":"closed","template":"page-templates\/page-our-solutions.php","meta":{"_acf_changed":false,"inline_featured_image":false,"ngg_post_thumbnail":0,"footnotes":""},"class_list":["post-1466","page","type-page","status-publish","hentry"],"acf":[],"yoast_head":"<!-- This site is optimized with the Yoast SEO plugin v27.2 - https:\/\/yoast.com\/product\/yoast-seo-wordpress\/ -->\n<title>OUR SOLUTIONS - A&amp;B \u0130leti\u015fim<\/title>\n<meta name=\"robots\" content=\"index, follow, max-snippet:-1, max-image-preview:large, max-video-preview:-1\" \/>\n<link rel=\"canonical\" href=\"https:\/\/ab-pr.com\/en\/our-solutions\/\" \/>\n<meta property=\"og:locale\" content=\"en_US\" \/>\n<meta property=\"og:type\" content=\"article\" \/>\n<meta property=\"og:title\" content=\"OUR SOLUTIONS - A&amp;B \u0130leti\u015fim\" \/>\n<meta property=\"og:description\" content=\"When a negative ad starts to spread, it&#8217;s hard to stop it. Any communication accident perceived outside of its purpose brings complexity and gives the opportunity to dissect and examine the complexity. The most beautiful solutions arise from those parts. Making one thing more visible and eliminating another takes different...\" \/>\n<meta property=\"og:url\" content=\"https:\/\/ab-pr.com\/en\/our-solutions\/\" \/>\n<meta property=\"og:site_name\" content=\"A&amp;B \u0130leti\u015fim\" \/>\n<meta property=\"article:publisher\" content=\"https:\/\/www.facebook.com\/avebiletisim\" \/>\n<meta name=\"twitter:card\" content=\"summary_large_image\" \/>\n<meta name=\"twitter:site\" content=\"@avebiletisim\" \/>\n<meta name=\"twitter:label1\" content=\"Est. reading time\" \/>\n\t<meta name=\"twitter:data1\" content=\"1 minute\" \/>\n<script type=\"application\/ld+json\" class=\"yoast-schema-graph\">{\"@context\":\"https:\/\/schema.org\",\"@graph\":[{\"@type\":\"WebPage\",\"@id\":\"https:\/\/ab-pr.com\/en\/our-solutions\/\",\"url\":\"https:\/\/ab-pr.com\/en\/our-solutions\/\",\"name\":\"OUR SOLUTIONS - A&amp;B \u0130leti\u015fim\",\"isPartOf\":{\"@id\":\"https:\/\/ab-pr.com\/#website\"},\"datePublished\":\"2021-10-13T06:26:50+00:00\",\"breadcrumb\":{\"@id\":\"https:\/\/ab-pr.com\/en\/our-solutions\/#breadcrumb\"},\"inLanguage\":\"en-US\",\"potentialAction\":[{\"@type\":\"ReadAction\",\"target\":[\"https:\/\/ab-pr.com\/en\/our-solutions\/\"]}]},{\"@type\":\"BreadcrumbList\",\"@id\":\"https:\/\/ab-pr.com\/en\/our-solutions\/#breadcrumb\",\"itemListElement\":[{\"@type\":\"ListItem\",\"position\":1,\"name\":\"Ana sayfa\",\"item\":\"https:\/\/ab-pr.com\/en\/\"},{\"@type\":\"ListItem\",\"position\":2,\"name\":\"OUR SOLUTIONS\"}]},{\"@type\":\"WebSite\",\"@id\":\"https:\/\/ab-pr.com\/#website\",\"url\":\"https:\/\/ab-pr.com\/\",\"name\":\"A&amp;B \u0130leti\u015fim\",\"description\":\"T\u00fcrkiye&#039;nin \u0130lk Halkla \u0130li\u015fkiler \u015eirketi\",\"publisher\":{\"@id\":\"https:\/\/ab-pr.com\/#organization\"},\"potentialAction\":[{\"@type\":\"SearchAction\",\"target\":{\"@type\":\"EntryPoint\",\"urlTemplate\":\"https:\/\/ab-pr.com\/?s={search_term_string}\"},\"query-input\":{\"@type\":\"PropertyValueSpecification\",\"valueRequired\":true,\"valueName\":\"search_term_string\"}}],\"inLanguage\":\"en-US\"},{\"@type\":\"Organization\",\"@id\":\"https:\/\/ab-pr.com\/#organization\",\"name\":\"A&amp;B \u0130leti\u015fim\",\"url\":\"https:\/\/ab-pr.com\/\",\"logo\":{\"@type\":\"ImageObject\",\"inLanguage\":\"en-US\",\"@id\":\"https:\/\/ab-pr.com\/#\/schema\/logo\/image\/\",\"url\":\"https:\/\/i0.wp.com\/ab-pr.com\/wp-content\/uploads\/2020\/10\/ab-logo.png?fit=355%2C142&ssl=1\",\"contentUrl\":\"https:\/\/i0.wp.com\/ab-pr.com\/wp-content\/uploads\/2020\/10\/ab-logo.png?fit=355%2C142&ssl=1\",\"width\":355,\"height\":142,\"caption\":\"A&amp;B \u0130leti\u015fim\"},\"image\":{\"@id\":\"https:\/\/ab-pr.com\/#\/schema\/logo\/image\/\"},\"sameAs\":[\"https:\/\/www.facebook.com\/avebiletisim\",\"https:\/\/x.com\/avebiletisim\",\"https:\/\/www.instagram.com\/avebiletisim\/\",\"https:\/\/www.linkedin.com\/company\/a&amp;b-communications\/\"]}]}<\/script>\n<!-- \/ Yoast SEO plugin. -->","yoast_head_json":{"title":"OUR SOLUTIONS - A&amp;B \u0130leti\u015fim","robots":{"index":"index","follow":"follow","max-snippet":"max-snippet:-1","max-image-preview":"max-image-preview:large","max-video-preview":"max-video-preview:-1"},"canonical":"https:\/\/ab-pr.com\/en\/our-solutions\/","og_locale":"en_US","og_type":"article","og_title":"OUR SOLUTIONS - A&amp;B \u0130leti\u015fim","og_description":"When a negative ad starts to spread, it&#8217;s hard to stop it. Any communication accident perceived outside of its purpose brings complexity and gives the opportunity to dissect and examine the complexity. The most beautiful solutions arise from those parts. Making one thing more visible and eliminating another takes different...","og_url":"https:\/\/ab-pr.com\/en\/our-solutions\/","og_site_name":"A&amp;B \u0130leti\u015fim","article_publisher":"https:\/\/www.facebook.com\/avebiletisim","twitter_card":"summary_large_image","twitter_site":"@avebiletisim","twitter_misc":{"Est. reading time":"1 minute"},"schema":{"@context":"https:\/\/schema.org","@graph":[{"@type":"WebPage","@id":"https:\/\/ab-pr.com\/en\/our-solutions\/","url":"https:\/\/ab-pr.com\/en\/our-solutions\/","name":"OUR SOLUTIONS - A&amp;B \u0130leti\u015fim","isPartOf":{"@id":"https:\/\/ab-pr.com\/#website"},"datePublished":"2021-10-13T06:26:50+00:00","breadcrumb":{"@id":"https:\/\/ab-pr.com\/en\/our-solutions\/#breadcrumb"},"inLanguage":"en-US","potentialAction":[{"@type":"ReadAction","target":["https:\/\/ab-pr.com\/en\/our-solutions\/"]}]},{"@type":"BreadcrumbList","@id":"https:\/\/ab-pr.com\/en\/our-solutions\/#breadcrumb","itemListElement":[{"@type":"ListItem","position":1,"name":"Ana sayfa","item":"https:\/\/ab-pr.com\/en\/"},{"@type":"ListItem","position":2,"name":"OUR SOLUTIONS"}]},{"@type":"WebSite","@id":"https:\/\/ab-pr.com\/#website","url":"https:\/\/ab-pr.com\/","name":"A&amp;B \u0130leti\u015fim","description":"T\u00fcrkiye&#039;nin \u0130lk Halkla \u0130li\u015fkiler \u015eirketi","publisher":{"@id":"https:\/\/ab-pr.com\/#organization"},"potentialAction":[{"@type":"SearchAction","target":{"@type":"EntryPoint","urlTemplate":"https:\/\/ab-pr.com\/?s={search_term_string}"},"query-input":{"@type":"PropertyValueSpecification","valueRequired":true,"valueName":"search_term_string"}}],"inLanguage":"en-US"},{"@type":"Organization","@id":"https:\/\/ab-pr.com\/#organization","name":"A&amp;B \u0130leti\u015fim","url":"https:\/\/ab-pr.com\/","logo":{"@type":"ImageObject","inLanguage":"en-US","@id":"https:\/\/ab-pr.com\/#\/schema\/logo\/image\/","url":"https:\/\/i0.wp.com\/ab-pr.com\/wp-content\/uploads\/2020\/10\/ab-logo.png?fit=355%2C142&ssl=1","contentUrl":"https:\/\/i0.wp.com\/ab-pr.com\/wp-content\/uploads\/2020\/10\/ab-logo.png?fit=355%2C142&ssl=1","width":355,"height":142,"caption":"A&amp;B \u0130leti\u015fim"},"image":{"@id":"https:\/\/ab-pr.com\/#\/schema\/logo\/image\/"},"sameAs":["https:\/\/www.facebook.com\/avebiletisim","https:\/\/x.com\/avebiletisim","https:\/\/www.instagram.com\/avebiletisim\/","https:\/\/www.linkedin.com\/company\/a&amp;b-communications\/"]}]}},"jetpack-related-posts":[],"jetpack_sharing_enabled":true,"_links":{"self":[{"href":"https:\/\/ab-pr.com\/en\/wp-json\/wp\/v2\/pages\/1466","targetHints":{"allow":["GET"]}}],"collection":[{"href":"https:\/\/ab-pr.com\/en\/wp-json\/wp\/v2\/pages"}],"about":[{"href":"https:\/\/ab-pr.com\/en\/wp-json\/wp\/v2\/types\/page"}],"author":[{"embeddable":true,"href":"https:\/\/ab-pr.com\/en\/wp-json\/wp\/v2\/users\/24"}],"replies":[{"embeddable":true,"href":"https:\/\/ab-pr.com\/en\/wp-json\/wp\/v2\/comments?post=1466"}],"version-history":[{"count":0,"href":"https:\/\/ab-pr.com\/en\/wp-json\/wp\/v2\/pages\/1466\/revisions"}],"wp:attachment":[{"href":"https:\/\/ab-pr.com\/en\/wp-json\/wp\/v2\/media?parent=1466"}],"curies":[{"name":"wp","href":"https:\/\/api.w.org\/{rel}","templated":true}]}}