{"id":1543,"date":"2021-10-13T07:54:25","date_gmt":"2021-10-13T07:54:25","guid":{"rendered":"https:\/\/ab-pr.com\/abs-history-long-version\/"},"modified":"2021-10-13T07:54:25","modified_gmt":"2021-10-13T07:54:25","slug":"abs-history-long-version","status":"publish","type":"page","link":"https:\/\/ab-pr.com\/en\/abs-history-long-version\/","title":{"rendered":"A&#038;B\u2019S HISTORY (LONG VERSION)"},"content":{"rendered":"<p>Al\u00e2eddin Asna, who chose a field which was not in existence in our country yet, graduated from the Department of Communication Arts of the Michigan State University in the U.S.. He returned to his country as the first public relations specialist of Turkey.<\/p>\n","protected":false},"excerpt":{"rendered":"<p>Al\u00e2eddin Asna, who chose a field which was not in existence in our country yet, graduated from the Department of Communication Arts of the Michigan State University in the U.S.. He returned to his country as the first public relations specialist of Turkey.<\/p>\n","protected":false},"author":24,"featured_media":0,"parent":0,"menu_order":0,"comment_status":"closed","ping_status":"closed","template":"page-templates\/page-our-story.php","meta":{"_acf_changed":false,"inline_featured_image":false,"ngg_post_thumbnail":0,"footnotes":""},"class_list":["post-1543","page","type-page","status-publish","hentry"],"acf":[],"yoast_head":"<!-- This site is optimized with the Yoast SEO plugin v27.2 - https:\/\/yoast.com\/product\/yoast-seo-wordpress\/ -->\n<title>A&amp;B\u2019S HISTORY (LONG VERSION) - A&amp;B \u0130leti\u015fim<\/title>\n<meta name=\"robots\" content=\"index, follow, max-snippet:-1, max-image-preview:large, max-video-preview:-1\" \/>\n<link rel=\"canonical\" href=\"https:\/\/ab-pr.com\/en\/abs-history-long-version\/\" \/>\n<meta property=\"og:locale\" content=\"en_US\" \/>\n<meta property=\"og:type\" content=\"article\" \/>\n<meta property=\"og:title\" content=\"A&amp;B\u2019S HISTORY (LONG VERSION) - A&amp;B \u0130leti\u015fim\" \/>\n<meta property=\"og:description\" content=\"Al\u00e2eddin Asna, who chose a field which was not in existence in our country yet, graduated from the Department of Communication Arts of the Michigan State University in the U.S.. He returned to his country as the first public relations specialist of Turkey.\" \/>\n<meta property=\"og:url\" content=\"https:\/\/ab-pr.com\/en\/abs-history-long-version\/\" \/>\n<meta property=\"og:site_name\" content=\"A&amp;B \u0130leti\u015fim\" \/>\n<meta property=\"article:publisher\" content=\"https:\/\/www.facebook.com\/avebiletisim\" \/>\n<meta name=\"twitter:card\" content=\"summary_large_image\" \/>\n<meta name=\"twitter:site\" content=\"@avebiletisim\" \/>\n<script type=\"application\/ld+json\" class=\"yoast-schema-graph\">{\"@context\":\"https:\/\/schema.org\",\"@graph\":[{\"@type\":\"WebPage\",\"@id\":\"https:\/\/ab-pr.com\/en\/abs-history-long-version\/\",\"url\":\"https:\/\/ab-pr.com\/en\/abs-history-long-version\/\",\"name\":\"A&B\u2019S HISTORY (LONG VERSION) - A&amp;B \u0130leti\u015fim\",\"isPartOf\":{\"@id\":\"https:\/\/ab-pr.com\/#website\"},\"datePublished\":\"2021-10-13T07:54:25+00:00\",\"breadcrumb\":{\"@id\":\"https:\/\/ab-pr.com\/en\/abs-history-long-version\/#breadcrumb\"},\"inLanguage\":\"en-US\",\"potentialAction\":[{\"@type\":\"ReadAction\",\"target\":[\"https:\/\/ab-pr.com\/en\/abs-history-long-version\/\"]}]},{\"@type\":\"BreadcrumbList\",\"@id\":\"https:\/\/ab-pr.com\/en\/abs-history-long-version\/#breadcrumb\",\"itemListElement\":[{\"@type\":\"ListItem\",\"position\":1,\"name\":\"Ana sayfa\",\"item\":\"https:\/\/ab-pr.com\/en\/\"},{\"@type\":\"ListItem\",\"position\":2,\"name\":\"A&#038;B\u2019S HISTORY (LONG VERSION)\"}]},{\"@type\":\"WebSite\",\"@id\":\"https:\/\/ab-pr.com\/#website\",\"url\":\"https:\/\/ab-pr.com\/\",\"name\":\"A&amp;B \u0130leti\u015fim\",\"description\":\"T\u00fcrkiye&#039;nin \u0130lk Halkla \u0130li\u015fkiler \u015eirketi\",\"publisher\":{\"@id\":\"https:\/\/ab-pr.com\/#organization\"},\"potentialAction\":[{\"@type\":\"SearchAction\",\"target\":{\"@type\":\"EntryPoint\",\"urlTemplate\":\"https:\/\/ab-pr.com\/?s={search_term_string}\"},\"query-input\":{\"@type\":\"PropertyValueSpecification\",\"valueRequired\":true,\"valueName\":\"search_term_string\"}}],\"inLanguage\":\"en-US\"},{\"@type\":\"Organization\",\"@id\":\"https:\/\/ab-pr.com\/#organization\",\"name\":\"A&amp;B \u0130leti\u015fim\",\"url\":\"https:\/\/ab-pr.com\/\",\"logo\":{\"@type\":\"ImageObject\",\"inLanguage\":\"en-US\",\"@id\":\"https:\/\/ab-pr.com\/#\/schema\/logo\/image\/\",\"url\":\"https:\/\/i0.wp.com\/ab-pr.com\/wp-content\/uploads\/2020\/10\/ab-logo.png?fit=355%2C142&ssl=1\",\"contentUrl\":\"https:\/\/i0.wp.com\/ab-pr.com\/wp-content\/uploads\/2020\/10\/ab-logo.png?fit=355%2C142&ssl=1\",\"width\":355,\"height\":142,\"caption\":\"A&amp;B \u0130leti\u015fim\"},\"image\":{\"@id\":\"https:\/\/ab-pr.com\/#\/schema\/logo\/image\/\"},\"sameAs\":[\"https:\/\/www.facebook.com\/avebiletisim\",\"https:\/\/x.com\/avebiletisim\",\"https:\/\/www.instagram.com\/avebiletisim\/\",\"https:\/\/www.linkedin.com\/company\/a&amp;b-communications\/\"]}]}<\/script>\n<!-- \/ Yoast SEO plugin. -->","yoast_head_json":{"title":"A&B\u2019S HISTORY (LONG VERSION) - A&amp;B \u0130leti\u015fim","robots":{"index":"index","follow":"follow","max-snippet":"max-snippet:-1","max-image-preview":"max-image-preview:large","max-video-preview":"max-video-preview:-1"},"canonical":"https:\/\/ab-pr.com\/en\/abs-history-long-version\/","og_locale":"en_US","og_type":"article","og_title":"A&B\u2019S HISTORY (LONG VERSION) - A&amp;B \u0130leti\u015fim","og_description":"Al\u00e2eddin Asna, who chose a field which was not in existence in our country yet, graduated from the Department of Communication Arts of the Michigan State University in the U.S.. He returned to his country as the first public relations specialist of Turkey.","og_url":"https:\/\/ab-pr.com\/en\/abs-history-long-version\/","og_site_name":"A&amp;B \u0130leti\u015fim","article_publisher":"https:\/\/www.facebook.com\/avebiletisim","twitter_card":"summary_large_image","twitter_site":"@avebiletisim","schema":{"@context":"https:\/\/schema.org","@graph":[{"@type":"WebPage","@id":"https:\/\/ab-pr.com\/en\/abs-history-long-version\/","url":"https:\/\/ab-pr.com\/en\/abs-history-long-version\/","name":"A&B\u2019S HISTORY (LONG VERSION) - A&amp;B \u0130leti\u015fim","isPartOf":{"@id":"https:\/\/ab-pr.com\/#website"},"datePublished":"2021-10-13T07:54:25+00:00","breadcrumb":{"@id":"https:\/\/ab-pr.com\/en\/abs-history-long-version\/#breadcrumb"},"inLanguage":"en-US","potentialAction":[{"@type":"ReadAction","target":["https:\/\/ab-pr.com\/en\/abs-history-long-version\/"]}]},{"@type":"BreadcrumbList","@id":"https:\/\/ab-pr.com\/en\/abs-history-long-version\/#breadcrumb","itemListElement":[{"@type":"ListItem","position":1,"name":"Ana sayfa","item":"https:\/\/ab-pr.com\/en\/"},{"@type":"ListItem","position":2,"name":"A&#038;B\u2019S HISTORY (LONG VERSION)"}]},{"@type":"WebSite","@id":"https:\/\/ab-pr.com\/#website","url":"https:\/\/ab-pr.com\/","name":"A&amp;B \u0130leti\u015fim","description":"T\u00fcrkiye&#039;nin \u0130lk Halkla \u0130li\u015fkiler \u015eirketi","publisher":{"@id":"https:\/\/ab-pr.com\/#organization"},"potentialAction":[{"@type":"SearchAction","target":{"@type":"EntryPoint","urlTemplate":"https:\/\/ab-pr.com\/?s={search_term_string}"},"query-input":{"@type":"PropertyValueSpecification","valueRequired":true,"valueName":"search_term_string"}}],"inLanguage":"en-US"},{"@type":"Organization","@id":"https:\/\/ab-pr.com\/#organization","name":"A&amp;B \u0130leti\u015fim","url":"https:\/\/ab-pr.com\/","logo":{"@type":"ImageObject","inLanguage":"en-US","@id":"https:\/\/ab-pr.com\/#\/schema\/logo\/image\/","url":"https:\/\/i0.wp.com\/ab-pr.com\/wp-content\/uploads\/2020\/10\/ab-logo.png?fit=355%2C142&ssl=1","contentUrl":"https:\/\/i0.wp.com\/ab-pr.com\/wp-content\/uploads\/2020\/10\/ab-logo.png?fit=355%2C142&ssl=1","width":355,"height":142,"caption":"A&amp;B \u0130leti\u015fim"},"image":{"@id":"https:\/\/ab-pr.com\/#\/schema\/logo\/image\/"},"sameAs":["https:\/\/www.facebook.com\/avebiletisim","https:\/\/x.com\/avebiletisim","https:\/\/www.instagram.com\/avebiletisim\/","https:\/\/www.linkedin.com\/company\/a&amp;b-communications\/"]}]}},"jetpack-related-posts":[],"jetpack_sharing_enabled":true,"_links":{"self":[{"href":"https:\/\/ab-pr.com\/en\/wp-json\/wp\/v2\/pages\/1543","targetHints":{"allow":["GET"]}}],"collection":[{"href":"https:\/\/ab-pr.com\/en\/wp-json\/wp\/v2\/pages"}],"about":[{"href":"https:\/\/ab-pr.com\/en\/wp-json\/wp\/v2\/types\/page"}],"author":[{"embeddable":true,"href":"https:\/\/ab-pr.com\/en\/wp-json\/wp\/v2\/users\/24"}],"replies":[{"embeddable":true,"href":"https:\/\/ab-pr.com\/en\/wp-json\/wp\/v2\/comments?post=1543"}],"version-history":[{"count":0,"href":"https:\/\/ab-pr.com\/en\/wp-json\/wp\/v2\/pages\/1543\/revisions"}],"wp:attachment":[{"href":"https:\/\/ab-pr.com\/en\/wp-json\/wp\/v2\/media?parent=1543"}],"curies":[{"name":"wp","href":"https:\/\/api.w.org\/{rel}","templated":true}]}}