{"id":589,"date":"2020-11-01T06:54:17","date_gmt":"2020-11-01T06:54:17","guid":{"rendered":"https:\/\/ab-pr.com\/iletisim\/"},"modified":"2021-10-13T06:29:00","modified_gmt":"2021-10-13T06:29:00","slug":"contact","status":"publish","type":"page","link":"https:\/\/ab-pr.com\/en\/contact\/","title":{"rendered":"Contact"},"content":{"rendered":"<p style=\"text-align: center;\">A&amp;B \u0130leti\u015fim A.\u015e.<\/p>\n<p style=\"text-align: center;\">Mim Kemal \u00d6ke Cad. Lal Apt. N.23 K.5 D.12 Nisanta\u015f\u0131 &#8211; \u0130stanbul<\/p>\n<p style=\"text-align: center;\">Tel: (0212) 233 22 38<\/p>\n<p style=\"text-align: center;\">E-posta: abtanitim@ab-pr.com<\/p>\n<p>&nbsp;<\/p>\n<p style=\"text-align: center;\">You can reach us by filling out the form below, and ask anything about us and our services.<\/p>\n","protected":false},"excerpt":{"rendered":"<p>A&amp;B \u0130leti\u015fim A.\u015e. Mim Kemal \u00d6ke Cad. Lal Apt. N.23 K.5 D.12 Nisanta\u015f\u0131 &#8211; \u0130stanbul Tel: (0212) 233 22 38 E-posta: abtanitim@ab-pr.com &nbsp; You can reach us by filling out the form below, and ask anything about us and our services.<\/p>\n","protected":false},"author":24,"featured_media":0,"parent":0,"menu_order":0,"comment_status":"closed","ping_status":"closed","template":"page-templates\/page-contact.php","meta":{"_acf_changed":false,"inline_featured_image":false,"ngg_post_thumbnail":0,"footnotes":""},"class_list":["post-589","page","type-page","status-publish","hentry"],"acf":[],"yoast_head":"<!-- This site is optimized with the Yoast SEO plugin v27.2 - https:\/\/yoast.com\/product\/yoast-seo-wordpress\/ -->\n<title>Contact - A&amp;B \u0130leti\u015fim<\/title>\n<meta name=\"robots\" content=\"index, follow, max-snippet:-1, max-image-preview:large, max-video-preview:-1\" \/>\n<link rel=\"canonical\" href=\"https:\/\/ab-pr.com\/en\/contact\/\" \/>\n<meta property=\"og:locale\" content=\"en_US\" \/>\n<meta property=\"og:type\" content=\"article\" \/>\n<meta property=\"og:title\" content=\"Contact - A&amp;B \u0130leti\u015fim\" \/>\n<meta property=\"og:description\" content=\"A&amp;B \u0130leti\u015fim A.\u015e. Mim Kemal \u00d6ke Cad. Lal Apt. N.23 K.5 D.12 Nisanta\u015f\u0131 &#8211; \u0130stanbul Tel: (0212) 233 22 38 E-posta: abtanitim@ab-pr.com &nbsp; You can reach us by filling out the form below, and ask anything about us and our services.\" \/>\n<meta property=\"og:url\" content=\"https:\/\/ab-pr.com\/en\/contact\/\" \/>\n<meta property=\"og:site_name\" content=\"A&amp;B \u0130leti\u015fim\" \/>\n<meta property=\"article:publisher\" content=\"https:\/\/www.facebook.com\/avebiletisim\" \/>\n<meta property=\"article:modified_time\" content=\"2021-10-13T06:29:00+00:00\" \/>\n<meta name=\"twitter:card\" content=\"summary_large_image\" \/>\n<meta name=\"twitter:site\" content=\"@avebiletisim\" \/>\n<meta name=\"twitter:label1\" content=\"Est. reading time\" \/>\n\t<meta name=\"twitter:data1\" content=\"1 minute\" \/>\n<script type=\"application\/ld+json\" class=\"yoast-schema-graph\">{\"@context\":\"https:\/\/schema.org\",\"@graph\":[{\"@type\":\"WebPage\",\"@id\":\"https:\/\/ab-pr.com\/en\/contact\/\",\"url\":\"https:\/\/ab-pr.com\/en\/contact\/\",\"name\":\"Contact - A&amp;B \u0130leti\u015fim\",\"isPartOf\":{\"@id\":\"https:\/\/ab-pr.com\/#website\"},\"datePublished\":\"2020-11-01T06:54:17+00:00\",\"dateModified\":\"2021-10-13T06:29:00+00:00\",\"breadcrumb\":{\"@id\":\"https:\/\/ab-pr.com\/en\/contact\/#breadcrumb\"},\"inLanguage\":\"en-US\",\"potentialAction\":[{\"@type\":\"ReadAction\",\"target\":[\"https:\/\/ab-pr.com\/en\/contact\/\"]}]},{\"@type\":\"BreadcrumbList\",\"@id\":\"https:\/\/ab-pr.com\/en\/contact\/#breadcrumb\",\"itemListElement\":[{\"@type\":\"ListItem\",\"position\":1,\"name\":\"Ana sayfa\",\"item\":\"https:\/\/ab-pr.com\/en\/\"},{\"@type\":\"ListItem\",\"position\":2,\"name\":\"Contact\"}]},{\"@type\":\"WebSite\",\"@id\":\"https:\/\/ab-pr.com\/#website\",\"url\":\"https:\/\/ab-pr.com\/\",\"name\":\"A&amp;B \u0130leti\u015fim\",\"description\":\"T\u00fcrkiye&#039;nin \u0130lk Halkla \u0130li\u015fkiler \u015eirketi\",\"publisher\":{\"@id\":\"https:\/\/ab-pr.com\/#organization\"},\"potentialAction\":[{\"@type\":\"SearchAction\",\"target\":{\"@type\":\"EntryPoint\",\"urlTemplate\":\"https:\/\/ab-pr.com\/?s={search_term_string}\"},\"query-input\":{\"@type\":\"PropertyValueSpecification\",\"valueRequired\":true,\"valueName\":\"search_term_string\"}}],\"inLanguage\":\"en-US\"},{\"@type\":\"Organization\",\"@id\":\"https:\/\/ab-pr.com\/#organization\",\"name\":\"A&amp;B \u0130leti\u015fim\",\"url\":\"https:\/\/ab-pr.com\/\",\"logo\":{\"@type\":\"ImageObject\",\"inLanguage\":\"en-US\",\"@id\":\"https:\/\/ab-pr.com\/#\/schema\/logo\/image\/\",\"url\":\"https:\/\/i0.wp.com\/ab-pr.com\/wp-content\/uploads\/2020\/10\/ab-logo.png?fit=355%2C142&ssl=1\",\"contentUrl\":\"https:\/\/i0.wp.com\/ab-pr.com\/wp-content\/uploads\/2020\/10\/ab-logo.png?fit=355%2C142&ssl=1\",\"width\":355,\"height\":142,\"caption\":\"A&amp;B \u0130leti\u015fim\"},\"image\":{\"@id\":\"https:\/\/ab-pr.com\/#\/schema\/logo\/image\/\"},\"sameAs\":[\"https:\/\/www.facebook.com\/avebiletisim\",\"https:\/\/x.com\/avebiletisim\",\"https:\/\/www.instagram.com\/avebiletisim\/\",\"https:\/\/www.linkedin.com\/company\/a&amp;b-communications\/\"]}]}<\/script>\n<!-- \/ Yoast SEO plugin. -->","yoast_head_json":{"title":"Contact - A&amp;B \u0130leti\u015fim","robots":{"index":"index","follow":"follow","max-snippet":"max-snippet:-1","max-image-preview":"max-image-preview:large","max-video-preview":"max-video-preview:-1"},"canonical":"https:\/\/ab-pr.com\/en\/contact\/","og_locale":"en_US","og_type":"article","og_title":"Contact - A&amp;B \u0130leti\u015fim","og_description":"A&amp;B \u0130leti\u015fim A.\u015e. Mim Kemal \u00d6ke Cad. Lal Apt. N.23 K.5 D.12 Nisanta\u015f\u0131 &#8211; \u0130stanbul Tel: (0212) 233 22 38 E-posta: abtanitim@ab-pr.com &nbsp; You can reach us by filling out the form below, and ask anything about us and our services.","og_url":"https:\/\/ab-pr.com\/en\/contact\/","og_site_name":"A&amp;B \u0130leti\u015fim","article_publisher":"https:\/\/www.facebook.com\/avebiletisim","article_modified_time":"2021-10-13T06:29:00+00:00","twitter_card":"summary_large_image","twitter_site":"@avebiletisim","twitter_misc":{"Est. reading time":"1 minute"},"schema":{"@context":"https:\/\/schema.org","@graph":[{"@type":"WebPage","@id":"https:\/\/ab-pr.com\/en\/contact\/","url":"https:\/\/ab-pr.com\/en\/contact\/","name":"Contact - A&amp;B \u0130leti\u015fim","isPartOf":{"@id":"https:\/\/ab-pr.com\/#website"},"datePublished":"2020-11-01T06:54:17+00:00","dateModified":"2021-10-13T06:29:00+00:00","breadcrumb":{"@id":"https:\/\/ab-pr.com\/en\/contact\/#breadcrumb"},"inLanguage":"en-US","potentialAction":[{"@type":"ReadAction","target":["https:\/\/ab-pr.com\/en\/contact\/"]}]},{"@type":"BreadcrumbList","@id":"https:\/\/ab-pr.com\/en\/contact\/#breadcrumb","itemListElement":[{"@type":"ListItem","position":1,"name":"Ana sayfa","item":"https:\/\/ab-pr.com\/en\/"},{"@type":"ListItem","position":2,"name":"Contact"}]},{"@type":"WebSite","@id":"https:\/\/ab-pr.com\/#website","url":"https:\/\/ab-pr.com\/","name":"A&amp;B \u0130leti\u015fim","description":"T\u00fcrkiye&#039;nin \u0130lk Halkla \u0130li\u015fkiler \u015eirketi","publisher":{"@id":"https:\/\/ab-pr.com\/#organization"},"potentialAction":[{"@type":"SearchAction","target":{"@type":"EntryPoint","urlTemplate":"https:\/\/ab-pr.com\/?s={search_term_string}"},"query-input":{"@type":"PropertyValueSpecification","valueRequired":true,"valueName":"search_term_string"}}],"inLanguage":"en-US"},{"@type":"Organization","@id":"https:\/\/ab-pr.com\/#organization","name":"A&amp;B \u0130leti\u015fim","url":"https:\/\/ab-pr.com\/","logo":{"@type":"ImageObject","inLanguage":"en-US","@id":"https:\/\/ab-pr.com\/#\/schema\/logo\/image\/","url":"https:\/\/i0.wp.com\/ab-pr.com\/wp-content\/uploads\/2020\/10\/ab-logo.png?fit=355%2C142&ssl=1","contentUrl":"https:\/\/i0.wp.com\/ab-pr.com\/wp-content\/uploads\/2020\/10\/ab-logo.png?fit=355%2C142&ssl=1","width":355,"height":142,"caption":"A&amp;B \u0130leti\u015fim"},"image":{"@id":"https:\/\/ab-pr.com\/#\/schema\/logo\/image\/"},"sameAs":["https:\/\/www.facebook.com\/avebiletisim","https:\/\/x.com\/avebiletisim","https:\/\/www.instagram.com\/avebiletisim\/","https:\/\/www.linkedin.com\/company\/a&amp;b-communications\/"]}]}},"jetpack-related-posts":[],"jetpack_sharing_enabled":true,"_links":{"self":[{"href":"https:\/\/ab-pr.com\/en\/wp-json\/wp\/v2\/pages\/589","targetHints":{"allow":["GET"]}}],"collection":[{"href":"https:\/\/ab-pr.com\/en\/wp-json\/wp\/v2\/pages"}],"about":[{"href":"https:\/\/ab-pr.com\/en\/wp-json\/wp\/v2\/types\/page"}],"author":[{"embeddable":true,"href":"https:\/\/ab-pr.com\/en\/wp-json\/wp\/v2\/users\/24"}],"replies":[{"embeddable":true,"href":"https:\/\/ab-pr.com\/en\/wp-json\/wp\/v2\/comments?post=589"}],"version-history":[{"count":2,"href":"https:\/\/ab-pr.com\/en\/wp-json\/wp\/v2\/pages\/589\/revisions"}],"predecessor-version":[{"id":2163,"href":"https:\/\/ab-pr.com\/en\/wp-json\/wp\/v2\/pages\/589\/revisions\/2163"}],"wp:attachment":[{"href":"https:\/\/ab-pr.com\/en\/wp-json\/wp\/v2\/media?parent=589"}],"curies":[{"name":"wp","href":"https:\/\/api.w.org\/{rel}","templated":true}]}}